{"id":1435,"date":"2025-09-22T10:26:09","date_gmt":"2025-09-22T10:26:09","guid":{"rendered":"https:\/\/accolschiz.com\/?page_id=1435"},"modified":"2025-09-22T10:26:09","modified_gmt":"2025-09-22T10:26:09","slug":"contactar-nos","status":"publish","type":"page","link":"https:\/\/accolschiz.com\/?page_id=1435","title":{"rendered":"Contactar-nos"},"content":{"rendered":"<p>\n    Este s\u00edtio Web \u00e9 propriedade da Accolschiz Ltda. Esfor\u00e7amo-nos por fornecer informa\u00e7\u00f5es relevantes e \u00fateis aos nossos utilizadores.<br \/>\n    <br \/>\n    Nome da empresa: Accolschiz Ltda<br \/>\n    <br \/>\n    Endere\u00e7o legal: R. Paulo Lopes, 111 &#8211; Coroado, Manaus &#8211; AM, 69080-340, Brasil<br \/>\n    <br \/>\n    Correio eletr\u00f3nico: in<br \/>\n    <a href=\"mailto:info@accolschiz.com\">info@accolschiz.com<\/a><br \/>\n    <br \/>\n    Telefone:<br \/>\n    <a href=\"tel:+5592992270193\">+5592992270193<\/a><br \/>\n    <br \/>\n    Diretor-geral: Isabel Aquino<br \/>\n    <br \/>\n    N\u00famero de registo: 29.483.380\/3821-39<br \/>\n    <br \/>\n    Nome da autoridade de registo: Medrado de Mello Advocacia e Consultoria Jur\u00eddica<br \/>\n    <br \/>\n    Endere\u00e7o da Autoridade de Registo: Av. Jo\u00e3o Val\u00e9rio, 753 &#8211; Nossa Sra. das Gra\u00e7as, Manaus &#8211; AM, 69053-180, Brasil\n<\/p>\n<p>\n    <b>Responsabilidade pelo conte\u00fado:<\/b><br \/>\n    <br \/>\n    N\u00e3o somos respons\u00e1veis pelo conte\u00fado das liga\u00e7\u00f5es a s\u00edtios Web de terceiros que possam estar dispon\u00edveis no nosso s\u00edtio Web. Toda a responsabilidade pelo conte\u00fado dessas hiperliga\u00e7\u00f5es recai sobre os respetivos propriet\u00e1rios. N\u00e3o nos responsabilizamos por quaisquer danos, diretos ou indiretos, decorrentes da utiliza\u00e7\u00e3o das informa\u00e7\u00f5es fornecidas no nosso s\u00edtio.\n<\/p>\n<p>\n    <b>Direitos de autor:<\/b><br \/>\n    <br \/>\n    Todo o material do nosso s\u00edtio Web, incluindo texto, imagens, gr\u00e1ficos, design e software, est\u00e1 protegido por direitos de autor. A sua utiliza\u00e7\u00e3o ou distribui\u00e7\u00e3o sem a autoriza\u00e7\u00e3o do detentor dos direitos de autor \u00e9 proibida.\n<\/p>\n<p>\n    <b>Informa\u00e7\u00f5es de contato:<\/b><br \/>\n    <br \/>\n    Se tiver quaisquer quest\u00f5es ou coment\u00e1rios sobre o nosso s\u00edtio Web ou a nossa empresa, contacte-nos utilizando as informa\u00e7\u00f5es de contacto indicadas acima.\n<\/p>\n<p>\n    <b>Pol\u00edtica de privacidade:<\/b><br \/>\n    <br \/>\n    Respeitamos a sua privacidade e protegemos as suas informa\u00e7\u00f5es pessoais. Para mais informa\u00e7\u00f5es, consulte a nossa pol\u00edtica de privacidade.<\/p>\n","protected":false},"excerpt":{"rendered":"<p>Este s\u00edtio Web \u00e9 propriedade da Accolschiz Ltda. Esfor\u00e7amo-nos por fornecer informa\u00e7\u00f5es relevantes e \u00fateis aos nossos utilizadores. Nome da empresa: Accolschiz Ltda Endere\u00e7o legal: R. Paulo Lopes, 111 &#8211;&hellip;<\/p>\n","protected":false},"author":1,"featured_media":0,"parent":0,"menu_order":0,"comment_status":"closed","ping_status":"closed","template":"","meta":{"footnotes":""},"class_list":["post-1435","page","type-page","status-publish","hentry"],"_links":{"self":[{"href":"https:\/\/accolschiz.com\/index.php?rest_route=\/wp\/v2\/pages\/1435","targetHints":{"allow":["GET"]}}],"collection":[{"href":"https:\/\/accolschiz.com\/index.php?rest_route=\/wp\/v2\/pages"}],"about":[{"href":"https:\/\/accolschiz.com\/index.php?rest_route=\/wp\/v2\/types\/page"}],"author":[{"embeddable":true,"href":"https:\/\/accolschiz.com\/index.php?rest_route=\/wp\/v2\/users\/1"}],"replies":[{"embeddable":true,"href":"https:\/\/accolschiz.com\/index.php?rest_route=%2Fwp%2Fv2%2Fcomments&post=1435"}],"version-history":[{"count":1,"href":"https:\/\/accolschiz.com\/index.php?rest_route=\/wp\/v2\/pages\/1435\/revisions"}],"predecessor-version":[{"id":1436,"href":"https:\/\/accolschiz.com\/index.php?rest_route=\/wp\/v2\/pages\/1435\/revisions\/1436"}],"wp:attachment":[{"href":"https:\/\/accolschiz.com\/index.php?rest_route=%2Fwp%2Fv2%2Fmedia&parent=1435"}],"curies":[{"name":"wp","href":"https:\/\/api.w.org\/{rel}","templated":true}]}}